{"id":312,"date":"2021-05-11T14:39:46","date_gmt":"2021-05-11T14:39:46","guid":{"rendered":"https:\/\/nnpower.hu\/nn-power-cube\/"},"modified":"2021-08-28T20:36:36","modified_gmt":"2021-08-28T20:36:36","slug":"nn-power-cube","status":"publish","type":"page","link":"https:\/\/nnpower.hu\/en\/nn-power-cube\/","title":{"rendered":"NN POWER CUBE"},"content":{"rendered":"","protected":false},"excerpt":{"rendered":"","protected":false},"author":1,"featured_media":0,"parent":0,"menu_order":0,"comment_status":"closed","ping_status":"closed","template":"","meta":{"footnotes":""},"class_list":["post-312","page","type-page","status-publish","hentry"],"yoast_head":"<!-- This site is optimized with the Yoast SEO plugin v27.2 - https:\/\/yoast.com\/product\/yoast-seo-wordpress\/ -->\n<title>NN POWER CUBE - NNPower<\/title>\n<meta name=\"description\" content=\"Olyan m\u0171szaki jellemz\u0151ket, \u00e9s j\u00f6v\u0151be mutat\u00f3 smart megold\u00e1sokat \u00f6tv\u00f6z\u0151, modul\u00e1ris fel\u00e9p\u00edt\u00e9ssel rendelkez\u0151 egys\u00e9g, mely k\u00e9pes ell\u00e1tni az adott rendszer, \u00e9p\u00fclet, vagy \u00e9p\u00fcletr\u00e9sz teljes, folyamatos sz\u00fcnetmentes \u00e1ramell\u00e1t\u00e1s\u00e1t.\" \/>\n<meta name=\"robots\" content=\"index, follow, max-snippet:-1, max-image-preview:large, max-video-preview:-1\" \/>\n<link rel=\"canonical\" href=\"https:\/\/nnpower.hu\/en\/nn-power-cube\/\" \/>\n<meta property=\"og:locale\" content=\"en_US\" \/>\n<meta property=\"og:type\" content=\"article\" \/>\n<meta property=\"og:title\" content=\"NN POWER CUBE - NNPower\" \/>\n<meta property=\"og:description\" content=\"Olyan m\u0171szaki jellemz\u0151ket, \u00e9s j\u00f6v\u0151be mutat\u00f3 smart megold\u00e1sokat \u00f6tv\u00f6z\u0151, modul\u00e1ris fel\u00e9p\u00edt\u00e9ssel rendelkez\u0151 egys\u00e9g, mely k\u00e9pes ell\u00e1tni az adott rendszer, \u00e9p\u00fclet, vagy \u00e9p\u00fcletr\u00e9sz teljes, folyamatos sz\u00fcnetmentes \u00e1ramell\u00e1t\u00e1s\u00e1t.\" \/>\n<meta property=\"og:url\" content=\"https:\/\/nnpower.hu\/en\/nn-power-cube\/\" \/>\n<meta property=\"og:site_name\" content=\"NNPower\" \/>\n<meta property=\"article:modified_time\" content=\"2021-08-28T20:36:36+00:00\" \/>\n<meta name=\"twitter:card\" content=\"summary_large_image\" \/>\n<script type=\"application\/ld+json\" class=\"yoast-schema-graph\">{\"@context\":\"https:\/\/schema.org\",\"@graph\":[{\"@type\":\"WebPage\",\"@id\":\"https:\/\/nnpower.hu\/en\/nn-power-cube\/\",\"url\":\"https:\/\/nnpower.hu\/en\/nn-power-cube\/\",\"name\":\"NN POWER CUBE - NNPower\",\"isPartOf\":{\"@id\":\"https:\/\/nnpower.hu\/en\/#website\"},\"datePublished\":\"2021-05-11T14:39:46+00:00\",\"dateModified\":\"2021-08-28T20:36:36+00:00\",\"description\":\"Olyan m\u0171szaki jellemz\u0151ket, \u00e9s j\u00f6v\u0151be mutat\u00f3 smart megold\u00e1sokat \u00f6tv\u00f6z\u0151, modul\u00e1ris fel\u00e9p\u00edt\u00e9ssel rendelkez\u0151 egys\u00e9g, mely k\u00e9pes ell\u00e1tni az adott rendszer, \u00e9p\u00fclet, vagy \u00e9p\u00fcletr\u00e9sz teljes, folyamatos sz\u00fcnetmentes \u00e1ramell\u00e1t\u00e1s\u00e1t.\",\"breadcrumb\":{\"@id\":\"https:\/\/nnpower.hu\/en\/nn-power-cube\/#breadcrumb\"},\"inLanguage\":\"en-US\",\"potentialAction\":[{\"@type\":\"ReadAction\",\"target\":[\"https:\/\/nnpower.hu\/en\/nn-power-cube\/\"]}]},{\"@type\":\"BreadcrumbList\",\"@id\":\"https:\/\/nnpower.hu\/en\/nn-power-cube\/#breadcrumb\",\"itemListElement\":[{\"@type\":\"ListItem\",\"position\":1,\"name\":\"Kezd\u0151lap\",\"item\":\"https:\/\/nnpower.hu\/en\/\"},{\"@type\":\"ListItem\",\"position\":2,\"name\":\"NN POWER CUBE\"}]},{\"@type\":\"WebSite\",\"@id\":\"https:\/\/nnpower.hu\/en\/#website\",\"url\":\"https:\/\/nnpower.hu\/en\/\",\"name\":\"NNPower\",\"description\":\"Egyed\u00fcl\u00e1ll\u00f3 energetikai megold\u00e1sok\",\"publisher\":{\"@id\":\"https:\/\/nnpower.hu\/en\/#organization\"},\"potentialAction\":[{\"@type\":\"SearchAction\",\"target\":{\"@type\":\"EntryPoint\",\"urlTemplate\":\"https:\/\/nnpower.hu\/en\/?s={search_term_string}\"},\"query-input\":{\"@type\":\"PropertyValueSpecification\",\"valueRequired\":true,\"valueName\":\"search_term_string\"}}],\"inLanguage\":\"en-US\"},{\"@type\":\"Organization\",\"@id\":\"https:\/\/nnpower.hu\/en\/#organization\",\"name\":\"NNPower\",\"url\":\"https:\/\/nnpower.hu\/en\/\",\"logo\":{\"@type\":\"ImageObject\",\"inLanguage\":\"en-US\",\"@id\":\"https:\/\/nnpower.hu\/en\/#\/schema\/logo\/image\/\",\"url\":\"https:\/\/nnpower.hu\/wp-content\/uploads\/2021\/06\/cropped-nn-power-logo-uj.png\",\"contentUrl\":\"https:\/\/nnpower.hu\/wp-content\/uploads\/2021\/06\/cropped-nn-power-logo-uj.png\",\"width\":400,\"height\":87,\"caption\":\"NNPower\"},\"image\":{\"@id\":\"https:\/\/nnpower.hu\/en\/#\/schema\/logo\/image\/\"}}]}<\/script>\n<!-- \/ Yoast SEO plugin. -->","yoast_head_json":{"title":"NN POWER CUBE - NNPower","description":"Olyan m\u0171szaki jellemz\u0151ket, \u00e9s j\u00f6v\u0151be mutat\u00f3 smart megold\u00e1sokat \u00f6tv\u00f6z\u0151, modul\u00e1ris fel\u00e9p\u00edt\u00e9ssel rendelkez\u0151 egys\u00e9g, mely k\u00e9pes ell\u00e1tni az adott rendszer, \u00e9p\u00fclet, vagy \u00e9p\u00fcletr\u00e9sz teljes, folyamatos sz\u00fcnetmentes \u00e1ramell\u00e1t\u00e1s\u00e1t.","robots":{"index":"index","follow":"follow","max-snippet":"max-snippet:-1","max-image-preview":"max-image-preview:large","max-video-preview":"max-video-preview:-1"},"canonical":"https:\/\/nnpower.hu\/en\/nn-power-cube\/","og_locale":"en_US","og_type":"article","og_title":"NN POWER CUBE - NNPower","og_description":"Olyan m\u0171szaki jellemz\u0151ket, \u00e9s j\u00f6v\u0151be mutat\u00f3 smart megold\u00e1sokat \u00f6tv\u00f6z\u0151, modul\u00e1ris fel\u00e9p\u00edt\u00e9ssel rendelkez\u0151 egys\u00e9g, mely k\u00e9pes ell\u00e1tni az adott rendszer, \u00e9p\u00fclet, vagy \u00e9p\u00fcletr\u00e9sz teljes, folyamatos sz\u00fcnetmentes \u00e1ramell\u00e1t\u00e1s\u00e1t.","og_url":"https:\/\/nnpower.hu\/en\/nn-power-cube\/","og_site_name":"NNPower","article_modified_time":"2021-08-28T20:36:36+00:00","twitter_card":"summary_large_image","schema":{"@context":"https:\/\/schema.org","@graph":[{"@type":"WebPage","@id":"https:\/\/nnpower.hu\/en\/nn-power-cube\/","url":"https:\/\/nnpower.hu\/en\/nn-power-cube\/","name":"NN POWER CUBE - NNPower","isPartOf":{"@id":"https:\/\/nnpower.hu\/en\/#website"},"datePublished":"2021-05-11T14:39:46+00:00","dateModified":"2021-08-28T20:36:36+00:00","description":"Olyan m\u0171szaki jellemz\u0151ket, \u00e9s j\u00f6v\u0151be mutat\u00f3 smart megold\u00e1sokat \u00f6tv\u00f6z\u0151, modul\u00e1ris fel\u00e9p\u00edt\u00e9ssel rendelkez\u0151 egys\u00e9g, mely k\u00e9pes ell\u00e1tni az adott rendszer, \u00e9p\u00fclet, vagy \u00e9p\u00fcletr\u00e9sz teljes, folyamatos sz\u00fcnetmentes \u00e1ramell\u00e1t\u00e1s\u00e1t.","breadcrumb":{"@id":"https:\/\/nnpower.hu\/en\/nn-power-cube\/#breadcrumb"},"inLanguage":"en-US","potentialAction":[{"@type":"ReadAction","target":["https:\/\/nnpower.hu\/en\/nn-power-cube\/"]}]},{"@type":"BreadcrumbList","@id":"https:\/\/nnpower.hu\/en\/nn-power-cube\/#breadcrumb","itemListElement":[{"@type":"ListItem","position":1,"name":"Kezd\u0151lap","item":"https:\/\/nnpower.hu\/en\/"},{"@type":"ListItem","position":2,"name":"NN POWER CUBE"}]},{"@type":"WebSite","@id":"https:\/\/nnpower.hu\/en\/#website","url":"https:\/\/nnpower.hu\/en\/","name":"NNPower","description":"Egyed\u00fcl\u00e1ll\u00f3 energetikai megold\u00e1sok","publisher":{"@id":"https:\/\/nnpower.hu\/en\/#organization"},"potentialAction":[{"@type":"SearchAction","target":{"@type":"EntryPoint","urlTemplate":"https:\/\/nnpower.hu\/en\/?s={search_term_string}"},"query-input":{"@type":"PropertyValueSpecification","valueRequired":true,"valueName":"search_term_string"}}],"inLanguage":"en-US"},{"@type":"Organization","@id":"https:\/\/nnpower.hu\/en\/#organization","name":"NNPower","url":"https:\/\/nnpower.hu\/en\/","logo":{"@type":"ImageObject","inLanguage":"en-US","@id":"https:\/\/nnpower.hu\/en\/#\/schema\/logo\/image\/","url":"https:\/\/nnpower.hu\/wp-content\/uploads\/2021\/06\/cropped-nn-power-logo-uj.png","contentUrl":"https:\/\/nnpower.hu\/wp-content\/uploads\/2021\/06\/cropped-nn-power-logo-uj.png","width":400,"height":87,"caption":"NNPower"},"image":{"@id":"https:\/\/nnpower.hu\/en\/#\/schema\/logo\/image\/"}}]}},"_links":{"self":[{"href":"https:\/\/nnpower.hu\/en\/wp-json\/wp\/v2\/pages\/312","targetHints":{"allow":["GET"]}}],"collection":[{"href":"https:\/\/nnpower.hu\/en\/wp-json\/wp\/v2\/pages"}],"about":[{"href":"https:\/\/nnpower.hu\/en\/wp-json\/wp\/v2\/types\/page"}],"author":[{"embeddable":true,"href":"https:\/\/nnpower.hu\/en\/wp-json\/wp\/v2\/users\/1"}],"replies":[{"embeddable":true,"href":"https:\/\/nnpower.hu\/en\/wp-json\/wp\/v2\/comments?post=312"}],"version-history":[{"count":1,"href":"https:\/\/nnpower.hu\/en\/wp-json\/wp\/v2\/pages\/312\/revisions"}],"predecessor-version":[{"id":313,"href":"https:\/\/nnpower.hu\/en\/wp-json\/wp\/v2\/pages\/312\/revisions\/313"}],"wp:attachment":[{"href":"https:\/\/nnpower.hu\/en\/wp-json\/wp\/v2\/media?parent=312"}],"curies":[{"name":"wp","href":"https:\/\/api.w.org\/{rel}","templated":true}]}}