{"id":209,"date":"2018-08-21T11:54:09","date_gmt":"2018-08-21T11:54:09","guid":{"rendered":"https:\/\/nnpower.hu\/home\/"},"modified":"2021-08-28T20:19:28","modified_gmt":"2021-08-28T20:19:28","slug":"home","status":"publish","type":"page","link":"https:\/\/nnpower.hu\/en\/","title":{"rendered":"NN Power"},"content":{"rendered":"","protected":false},"excerpt":{"rendered":"","protected":false},"author":1,"featured_media":0,"parent":0,"menu_order":0,"comment_status":"closed","ping_status":"closed","template":"","meta":{"footnotes":""},"class_list":["post-209","page","type-page","status-publish","hentry"],"yoast_head":"<!-- This site is optimized with the Yoast SEO plugin v27.2 - https:\/\/yoast.com\/product\/yoast-seo-wordpress\/ -->\n<title>NN Power - Egyed\u00fcl\u00e1ll\u00f3 energetikai megold\u00e1sok<\/title>\n<meta name=\"description\" content=\"Az NN POWER \u00e9vtizedek \u00f3ta sz\u00e1ll\u00edt minden ig\u00e9nyt kiel\u00e9g\u00edt\u0151 energetikai megold\u00e1sokat 0 V-t\u00f3l 20 kV-ig\" \/>\n<meta name=\"robots\" content=\"index, follow, max-snippet:-1, max-image-preview:large, max-video-preview:-1\" \/>\n<link rel=\"canonical\" href=\"https:\/\/nnpower.hu\/en\/\" \/>\n<meta property=\"og:locale\" content=\"en_US\" \/>\n<meta property=\"og:type\" content=\"article\" \/>\n<meta property=\"og:title\" content=\"NN Power - Egyed\u00fcl\u00e1ll\u00f3 energetikai megold\u00e1sok\" \/>\n<meta property=\"og:description\" content=\"Az NN POWER \u00e9vtizedek \u00f3ta sz\u00e1ll\u00edt minden ig\u00e9nyt kiel\u00e9g\u00edt\u0151 energetikai megold\u00e1sokat 0 V-t\u00f3l 20 kV-ig\" \/>\n<meta property=\"og:url\" content=\"https:\/\/nnpower.hu\/en\/\" \/>\n<meta property=\"og:site_name\" content=\"NNPower\" \/>\n<meta property=\"article:modified_time\" content=\"2021-08-28T20:19:28+00:00\" \/>\n<meta name=\"twitter:card\" content=\"summary_large_image\" \/>\n<script type=\"application\/ld+json\" class=\"yoast-schema-graph\">{\"@context\":\"https:\/\/schema.org\",\"@graph\":[{\"@type\":\"WebPage\",\"@id\":\"https:\/\/nnpower.hu\/en\/\",\"url\":\"https:\/\/nnpower.hu\/en\/\",\"name\":\"NN Power - Egyed\u00fcl\u00e1ll\u00f3 energetikai megold\u00e1sok\",\"isPartOf\":{\"@id\":\"https:\/\/nnpower.hu\/en\/#website\"},\"datePublished\":\"2018-08-21T11:54:09+00:00\",\"dateModified\":\"2021-08-28T20:19:28+00:00\",\"description\":\"Az NN POWER \u00e9vtizedek \u00f3ta sz\u00e1ll\u00edt minden ig\u00e9nyt kiel\u00e9g\u00edt\u0151 energetikai megold\u00e1sokat 0 V-t\u00f3l 20 kV-ig\",\"breadcrumb\":{\"@id\":\"https:\/\/nnpower.hu\/en\/#breadcrumb\"},\"inLanguage\":\"en-US\",\"potentialAction\":[{\"@type\":\"ReadAction\",\"target\":[\"https:\/\/nnpower.hu\/en\/\"]}]},{\"@type\":\"BreadcrumbList\",\"@id\":\"https:\/\/nnpower.hu\/en\/#breadcrumb\",\"itemListElement\":[{\"@type\":\"ListItem\",\"position\":1,\"name\":\"Kezd\u0151lap\",\"item\":\"https:\/\/nnpower.hu\/en\/\"},{\"@type\":\"ListItem\",\"position\":2,\"name\":\"NN Power\"}]},{\"@type\":\"WebSite\",\"@id\":\"https:\/\/nnpower.hu\/en\/#website\",\"url\":\"https:\/\/nnpower.hu\/en\/\",\"name\":\"NNPower\",\"description\":\"Egyed\u00fcl\u00e1ll\u00f3 energetikai megold\u00e1sok\",\"publisher\":{\"@id\":\"https:\/\/nnpower.hu\/en\/#organization\"},\"potentialAction\":[{\"@type\":\"SearchAction\",\"target\":{\"@type\":\"EntryPoint\",\"urlTemplate\":\"https:\/\/nnpower.hu\/en\/?s={search_term_string}\"},\"query-input\":{\"@type\":\"PropertyValueSpecification\",\"valueRequired\":true,\"valueName\":\"search_term_string\"}}],\"inLanguage\":\"en-US\"},{\"@type\":\"Organization\",\"@id\":\"https:\/\/nnpower.hu\/en\/#organization\",\"name\":\"NNPower\",\"url\":\"https:\/\/nnpower.hu\/en\/\",\"logo\":{\"@type\":\"ImageObject\",\"inLanguage\":\"en-US\",\"@id\":\"https:\/\/nnpower.hu\/en\/#\/schema\/logo\/image\/\",\"url\":\"https:\/\/nnpower.hu\/wp-content\/uploads\/2021\/06\/cropped-nn-power-logo-uj.png\",\"contentUrl\":\"https:\/\/nnpower.hu\/wp-content\/uploads\/2021\/06\/cropped-nn-power-logo-uj.png\",\"width\":400,\"height\":87,\"caption\":\"NNPower\"},\"image\":{\"@id\":\"https:\/\/nnpower.hu\/en\/#\/schema\/logo\/image\/\"}}]}<\/script>\n<!-- \/ Yoast SEO plugin. -->","yoast_head_json":{"title":"NN Power - Egyed\u00fcl\u00e1ll\u00f3 energetikai megold\u00e1sok","description":"Az NN POWER \u00e9vtizedek \u00f3ta sz\u00e1ll\u00edt minden ig\u00e9nyt kiel\u00e9g\u00edt\u0151 energetikai megold\u00e1sokat 0 V-t\u00f3l 20 kV-ig","robots":{"index":"index","follow":"follow","max-snippet":"max-snippet:-1","max-image-preview":"max-image-preview:large","max-video-preview":"max-video-preview:-1"},"canonical":"https:\/\/nnpower.hu\/en\/","og_locale":"en_US","og_type":"article","og_title":"NN Power - Egyed\u00fcl\u00e1ll\u00f3 energetikai megold\u00e1sok","og_description":"Az NN POWER \u00e9vtizedek \u00f3ta sz\u00e1ll\u00edt minden ig\u00e9nyt kiel\u00e9g\u00edt\u0151 energetikai megold\u00e1sokat 0 V-t\u00f3l 20 kV-ig","og_url":"https:\/\/nnpower.hu\/en\/","og_site_name":"NNPower","article_modified_time":"2021-08-28T20:19:28+00:00","twitter_card":"summary_large_image","schema":{"@context":"https:\/\/schema.org","@graph":[{"@type":"WebPage","@id":"https:\/\/nnpower.hu\/en\/","url":"https:\/\/nnpower.hu\/en\/","name":"NN Power - Egyed\u00fcl\u00e1ll\u00f3 energetikai megold\u00e1sok","isPartOf":{"@id":"https:\/\/nnpower.hu\/en\/#website"},"datePublished":"2018-08-21T11:54:09+00:00","dateModified":"2021-08-28T20:19:28+00:00","description":"Az NN POWER \u00e9vtizedek \u00f3ta sz\u00e1ll\u00edt minden ig\u00e9nyt kiel\u00e9g\u00edt\u0151 energetikai megold\u00e1sokat 0 V-t\u00f3l 20 kV-ig","breadcrumb":{"@id":"https:\/\/nnpower.hu\/en\/#breadcrumb"},"inLanguage":"en-US","potentialAction":[{"@type":"ReadAction","target":["https:\/\/nnpower.hu\/en\/"]}]},{"@type":"BreadcrumbList","@id":"https:\/\/nnpower.hu\/en\/#breadcrumb","itemListElement":[{"@type":"ListItem","position":1,"name":"Kezd\u0151lap","item":"https:\/\/nnpower.hu\/en\/"},{"@type":"ListItem","position":2,"name":"NN Power"}]},{"@type":"WebSite","@id":"https:\/\/nnpower.hu\/en\/#website","url":"https:\/\/nnpower.hu\/en\/","name":"NNPower","description":"Egyed\u00fcl\u00e1ll\u00f3 energetikai megold\u00e1sok","publisher":{"@id":"https:\/\/nnpower.hu\/en\/#organization"},"potentialAction":[{"@type":"SearchAction","target":{"@type":"EntryPoint","urlTemplate":"https:\/\/nnpower.hu\/en\/?s={search_term_string}"},"query-input":{"@type":"PropertyValueSpecification","valueRequired":true,"valueName":"search_term_string"}}],"inLanguage":"en-US"},{"@type":"Organization","@id":"https:\/\/nnpower.hu\/en\/#organization","name":"NNPower","url":"https:\/\/nnpower.hu\/en\/","logo":{"@type":"ImageObject","inLanguage":"en-US","@id":"https:\/\/nnpower.hu\/en\/#\/schema\/logo\/image\/","url":"https:\/\/nnpower.hu\/wp-content\/uploads\/2021\/06\/cropped-nn-power-logo-uj.png","contentUrl":"https:\/\/nnpower.hu\/wp-content\/uploads\/2021\/06\/cropped-nn-power-logo-uj.png","width":400,"height":87,"caption":"NNPower"},"image":{"@id":"https:\/\/nnpower.hu\/en\/#\/schema\/logo\/image\/"}}]}},"_links":{"self":[{"href":"https:\/\/nnpower.hu\/en\/wp-json\/wp\/v2\/pages\/209","targetHints":{"allow":["GET"]}}],"collection":[{"href":"https:\/\/nnpower.hu\/en\/wp-json\/wp\/v2\/pages"}],"about":[{"href":"https:\/\/nnpower.hu\/en\/wp-json\/wp\/v2\/types\/page"}],"author":[{"embeddable":true,"href":"https:\/\/nnpower.hu\/en\/wp-json\/wp\/v2\/users\/1"}],"replies":[{"embeddable":true,"href":"https:\/\/nnpower.hu\/en\/wp-json\/wp\/v2\/comments?post=209"}],"version-history":[{"count":2,"href":"https:\/\/nnpower.hu\/en\/wp-json\/wp\/v2\/pages\/209\/revisions"}],"predecessor-version":[{"id":213,"href":"https:\/\/nnpower.hu\/en\/wp-json\/wp\/v2\/pages\/209\/revisions\/213"}],"wp:attachment":[{"href":"https:\/\/nnpower.hu\/en\/wp-json\/wp\/v2\/media?parent=209"}],"curies":[{"name":"wp","href":"https:\/\/api.w.org\/{rel}","templated":true}]}}